{"id":98,"date":"2021-10-16T23:45:42","date_gmt":"2021-10-16T21:45:42","guid":{"rendered":"http:\/\/partnerzyzmiany.pl\/wordpress\/?page_id=98"},"modified":"2025-10-25T00:23:32","modified_gmt":"2025-10-24T22:23:32","slug":"strona-glowna","status":"publish","type":"page","link":"https:\/\/partnerzyzmiany.pl\/pl\/","title":{"rendered":"Strona g\u0142\u00f3wna"},"content":{"rendered":"\t\t<div data-elementor-type=\"wp-page\" data-elementor-id=\"98\" class=\"elementor elementor-98\">\n\t\t\t\t\t\t<div class=\"elementor-inner\">\n\t\t\t\t<div class=\"elementor-section-wrap\">\n\t\t\t\t\t\t\t\t\t<section class=\"elementor-section elementor-top-section elementor-element elementor-element-7ead2e0 elementor-section-height-min-height elementor-section-boxed elementor-section-height-default elementor-section-items-middle\" data-id=\"7ead2e0\" data-element_type=\"section\" data-settings=\"{&quot;background_background&quot;:&quot;classic&quot;}\">\n\t\t\t\t\t\t\t<div class=\"elementor-background-overlay\"><\/div>\n\t\t\t\t\t\t\t<div class=\"elementor-container elementor-column-gap-default\">\n\t\t\t\t\t\t\t<div class=\"elementor-row\">\n\t\t\t\t\t<div class=\"elementor-column elementor-col-100 elementor-top-column elementor-element elementor-element-5a5259f\" data-id=\"5a5259f\" data-element_type=\"column\" data-settings=\"{&quot;background_background&quot;:&quot;classic&quot;}\">\n\t\t\t<div class=\"elementor-column-wrap elementor-element-populated\">\n\t\t\t\t\t\t\t<div class=\"elementor-widget-wrap\">\n\t\t\t\t\t\t<div class=\"elementor-element elementor-element-e809153 elementor-widget elementor-widget-heading\" data-id=\"e809153\" data-element_type=\"widget\" data-widget_type=\"heading.default\">\n\t\t\t\t<div class=\"elementor-widget-container\">\n\t\t\t<h1 class=\"elementor-heading-title elementor-size-default\">Artyku\u0142y, raporty i opinie<br><\/h1>\t\t<\/div>\n\t\t\t\t<\/div>\n\t\t\t\t<div class=\"elementor-element elementor-element-3ad7423 elementor-widget elementor-widget-text-editor\" data-id=\"3ad7423\" data-element_type=\"widget\" data-widget_type=\"text-editor.default\">\n\t\t\t\t<div class=\"elementor-widget-container\">\n\t\t\t\t\t\t\t\t<div class=\"elementor-text-editor elementor-clearfix\">\n\t\t\t\t<p><a href=\"https:\/\/partnerzyzmiany.pl\/pl\/wp-content\/uploads\/2025\/01\/Libertarianizm-\u2013-pulapka-czy-zbawienie.pdf\">Libertarianizm &#8211; pu\u0142apka czy zbawienie?<\/a><\/p><p><a style=\"font-style: inherit; font-weight: inherit;\" href=\"https:\/\/partnerzyzmiany.pl\/pl\/wp-content\/uploads\/2023\/06\/Czy-prawda-Cie-wyzwoli-polski-przedsiebiorco.pdf\">Czy prawda Ci\u0119 wyzwoli, polski przedsi\u0119biorco?<\/a><\/p><p><a href=\"https:\/\/partnerzyzmiany.pl\/pl\/wp-content\/uploads\/2023\/06\/Nie-dajmy-sie-zwariowac-czyli-socjotechnika-czwartej-rewolucji-przemyslowej.pdf\">Nie dajmy si\u0119 zwariowa\u0107, czyli socjotechnika czwartej rewolucji przemys\u0142owej<\/a><\/p><p><a href=\"https:\/\/partnerzyzmiany.pl\/pl\/wp-content\/uploads\/2023\/11\/Zasada-DOPO-czyli-dlaczego-kochamy-partie.docx.pdf\">Zasada DOPO, czyli dlaczego kochamy partie<\/a><\/p><p><a style=\"font-style: inherit; font-weight: inherit; color: black;\" href=\"http:\/\/partnerzyzmiany.pl\/wordpress\/wp-content\/uploads\/2021\/10\/Kot-polski-czyli-jak-przezyc-w-ciekawych-czasach-pzwp-k9ro48rt.pdf\">Kot polski, czyli jak prze\u017cy\u0107 w ciekawych czasach<\/a><\/p><p><a style=\"color: black;\" href=\"http:\/\/partnerzyzmiany.pl\/wordpress\/wp-content\/uploads\/2021\/10\/Zmiany-w-globalizacji-szansa-dla-polskich-MSP-rozszerzone-z-przypisami-v2-k8d0lxe1.pdf\">Zmiany w globalizacji szans\u0105 dla polskich MSP<\/a><\/p><p><a style=\"color: black;\" href=\"http:\/\/partnerzyzmiany.pl\/wordpress\/wp-content\/uploads\/2021\/10\/Dochod-Narodowy-PKB-vs-PNB-jwf9ao4b.pdf\">Doch\u00f3d Narodowy &#8211; PKB vs PNB. Materia\u0142 do listu otwartego do prezydenta RP<\/a><\/p><p><a style=\"color: black;\" href=\"http:\/\/partnerzyzmiany.pl\/wordpress\/wp-content\/uploads\/2021\/10\/Nie-strzelac-do-pianisty-luty-2018.pdf\">Nie strzela\u0107 do pianisty &#8211; cz. I<\/a><\/p><p><a style=\"color: black;\" href=\"http:\/\/partnerzyzmiany.pl\/wordpress\/wp-content\/uploads\/2021\/10\/Nie-strzelac-do-pianisty-cz.-II.-Definicje-w-gospodarce-marzec-2018.pdf\">Nie strzela\u0107 do pianisty &#8211; cz. II. Definicje w gospodarce<\/a><\/p><p><a style=\"color: black;\" href=\"http:\/\/partnerzyzmiany.pl\/wordpress\/wp-content\/uploads\/2021\/10\/Nie-strzelac-do-pianisty-cz.-III.-Gra-nie-tylko-dla-idiotow-kwiecien-2018.pdf\">Nie strzela\u0107 do pianisty &#8211; cz. III. Gra nie tylko dla idiot\u00f3w<\/a><\/p><p><a style=\"color: black;\" href=\"http:\/\/partnerzyzmiany.pl\/wordpress\/wp-content\/uploads\/2021\/10\/Nadzieja-dla-polskich-firm-z-kapitalem-polskim-luty-2018.pdf\">Nadzieja dla polskich firm z kapita\u0142em polskim<\/a><\/p><p><a style=\"color: black;\" href=\"http:\/\/partnerzyzmiany.pl\/wordpress\/wp-content\/uploads\/2021\/10\/Polskie-lancuchy-wartosci-dodanej-wyzwaniem-dla-naszej-gospodarki-i-suwerennosci-luty-2018.pdf\">Polskie \u0142a\u0144cuchy warto\u015bci dodanej wyzwaniem dla naszej gospodarki i suwerenno\u015bci<\/a><\/p><p><a style=\"color: black;\" href=\"http:\/\/partnerzyzmiany.pl\/wordpress\/wp-content\/uploads\/2021\/10\/Patriotyzm-gospodarczy-wyklad-Biblioteka-Raczynskich-grudzien-2017.pdf\">Patriotyzm gospodarczy. Wyk\u0142ad w Bibliotece Raczy\u0144skich<\/a><\/p><p><a style=\"color: black;\" href=\"http:\/\/partnerzyzmiany.pl\/wordpress\/wp-content\/uploads\/2021\/10\/Opinia-o-projekcie-fundacji-Platforma-Przemyslu-Przyszlosci-listopad-2017.pdf\">Opinia o projekcie fundacji Platforma Przemys\u0142u Przysz\u0142o\u015bci<\/a><\/p><p><a style=\"color: black;\" href=\"http:\/\/partnerzyzmiany.pl\/wordpress\/wp-content\/uploads\/2021\/10\/W-poszukiwaniu-patriotyzmu-gospodarczego-pazdziernik-2017.pdf\">W poszukiwaniu patriotyzmu gospodarczego<\/a><\/p><p><a style=\"color: black;\" href=\"http:\/\/partnerzyzmiany.pl\/wordpress\/wp-content\/uploads\/2021\/10\/Racjonalne-wspomaganie-zmian-w-przemysle-wrzesien-2017.pdf\">Racjonalne wspomaganie zmian w przemy\u015ble<\/a><\/p><p><a style=\"color: black;\" href=\"http:\/\/partnerzyzmiany.pl\/wordpress\/wp-content\/uploads\/2021\/10\/Racjonalny-patriotyzm-gospodarczy-wrzesien-2017.pdf\">Racjonalny patriotyzm gospodarczy<\/a><\/p><p><a style=\"color: black;\" href=\"http:\/\/partnerzyzmiany.pl\/wordpress\/wp-content\/uploads\/2021\/10\/Polska-gospodarka-narodowa-czyli-wskazniki-okiem-dziecka-sierpien-2017.pdf\">Polska gospodarka narodowa, czyli wska\u017aniki okiem dziecka<\/a><\/p><p><a style=\"color: black;\" href=\"http:\/\/partnerzyzmiany.pl\/wordpress\/wp-content\/uploads\/2021\/10\/Ukryte-aktywa-gospodarki-sierpien-2017.pdf\">Ukryte aktywa gospodarki<\/a><\/p><p><a style=\"color: black;\" href=\"http:\/\/partnerzyzmiany.pl\/wordpress\/wp-content\/uploads\/2021\/10\/Czwarta-rewolucja-przemyslowa-w-Polsce-sierpien-2017.pdf\">Czwarta rewolucja przemys\u0142owa w Polsce<\/a><\/p><p><a style=\"color: black;\" href=\"http:\/\/partnerzyzmiany.pl\/wordpress\/wp-content\/uploads\/2021\/10\/Bledy-w-polskim-Przemysle-4.0-lipiec-2017.pdf\">B\u0142\u0119dy w polskim Przemy\u015ble 4.0<\/a><\/p><p><a style=\"color: black;\" href=\"http:\/\/partnerzyzmiany.pl\/wordpress\/wp-content\/uploads\/2021\/10\/Definicje-w-gospodarce-lipiec-2017.pdf\">Definicje w gospodarce<\/a><\/p><p><a style=\"color: black;\" href=\"http:\/\/partnerzyzmiany.pl\/wordpress\/wp-content\/uploads\/2021\/10\/Slownik-definicji-w-gospodarce-czerwiec-2017.pdf\">S\u0142ownik definicji w gospodarce<\/a><\/p><p><a style=\"color: black;\" href=\"http:\/\/partnerzyzmiany.pl\/wordpress\/wp-content\/uploads\/2021\/10\/Walka-dobrego-ze-zlem-czyli-patriortyzm-gospodarczy-w-praniu-marzec-2017.pdf\">Walka dobrego ze z\u0142em, czyli patriotyzm gospodarczy w praniu<\/a><\/p><p><a style=\"color: black;\" href=\"http:\/\/partnerzyzmiany.pl\/wordpress\/wp-content\/uploads\/2021\/10\/Uwagi-do-Strategii-Odpowiedzialnergo-Rozwoju-wrzesien-2016.pdf\">Uwagi do Strategi <\/a><a style=\"color: black;\" href=\"http:\/\/partnerzyzmiany.pl\/wordpress\/wp-content\/uploads\/2021\/10\/Uwagi-do-Strategii-Odpowiedzialnergo-Rozwoju-wrzesien-2016.pdf\">Odpowiedzialnego Rozwoju<\/a><\/p><div style=\"border: 1pt none black; padding: 0cm; background-image: initial; background-position: initial; background-size: initial; background-repeat: initial; background-attachment: initial; background-origin: initial; background-clip: initial;\"><p style=\"line-height: 70%; background-image: initial; background-position: initial; background-size: initial; background-repeat: initial; background-attachment: initial; background-origin: initial; background-clip: initial; padding-bottom: 0cm; border-bottom: 0cm none black;\"><span style=\"background-image: initial; background-position: initial; background-size: initial; background-repeat: initial; background-attachment: initial; background-origin: initial; background-clip: initial;\">\u00a0<\/span><\/p><p style=\"line-height: 70%; background-image: initial; background-position: initial; background-size: initial; background-repeat: initial; background-attachment: initial; background-origin: initial; background-clip: initial; padding-bottom: 0cm; border-bottom: 0cm none black;\"><a href=\"https:\/\/partnerzyzmiany.pl\/pl\/wp-content\/uploads\/2025\/10\/Info-o-autorze-2025-partnerzyzmiany.pdf\"><span style=\"background-image: initial; background-position: initial; background-size: initial; background-repeat: initial; background-attachment: initial; background-origin: initial; background-clip: initial;\"><b>\u00a9 Jan Parczewski<\/b><\/span><\/a><\/p><\/div>\t\t\t\t\t<\/div>\n\t\t\t\t\t\t<\/div>\n\t\t\t\t<\/div>\n\t\t\t\t\t\t<\/div>\n\t\t\t\t\t<\/div>\n\t\t<\/div>\n\t\t\t\t\t\t\t\t<\/div>\n\t\t\t\t\t<\/div>\n\t\t<\/section>\n\t\t\t\t\t\t\t\t\t<\/div>\n\t\t\t<\/div>\n\t\t\t\t\t<\/div>\n\t\t","protected":false},"excerpt":{"rendered":"<p>Artyku\u0142y, raporty i opinie Libertarianizm &#8211; pu\u0142apka czy zbawienie? Czy prawda Ci\u0119 wyzwoli, polski przedsi\u0119biorco? Nie dajmy si\u0119 zwariowa\u0107, czyli socjotechnika czwartej rewolucji przemys\u0142owej Zasada DOPO, czyli dlaczego kochamy partie Kot polski, czyli jak prze\u017cy\u0107 w ciekawych czasach Zmiany w globalizacji szans\u0105 dla polskich MSP Doch\u00f3d Narodowy &#8211; PKB vs PNB. Materia\u0142 do listu otwartego &hellip;<\/p>\n<p class=\"read-more\"> <a class=\"\" href=\"https:\/\/partnerzyzmiany.pl\/pl\/\"> <span class=\"screen-reader-text\">Strona g\u0142\u00f3wna<\/span> Read More &raquo;<\/a><\/p>\n","protected":false},"author":1,"featured_media":0,"parent":0,"menu_order":0,"comment_status":"closed","ping_status":"closed","template":"","meta":{"site-sidebar-layout":"no-sidebar","site-content-layout":"page-builder","ast-global-header-display":"","ast-main-header-display":"","ast-hfb-above-header-display":"","ast-hfb-below-header-display":"","ast-hfb-mobile-header-display":"","site-post-title":"disabled","ast-breadcrumbs-content":"","ast-featured-img":"disabled","footer-sml-layout":"","theme-transparent-header-meta":"default","adv-header-id-meta":"","stick-header-meta":"","header-above-stick-meta":"","header-main-stick-meta":"","header-below-stick-meta":"","footnotes":""},"class_list":["post-98","page","type-page","status-publish","hentry"],"yoast_head":"<!-- This site is optimized with the Yoast SEO plugin v20.8 - https:\/\/yoast.com\/wordpress\/plugins\/seo\/ -->\n<title>Strona g\u0142\u00f3wna - Partnerzy Zmiany w Przemy\u015ble<\/title>\n<meta name=\"robots\" content=\"index, follow, max-snippet:-1, max-image-preview:large, max-video-preview:-1\" \/>\n<link rel=\"canonical\" href=\"https:\/\/partnerzyzmiany.pl\/pl\/\" \/>\n<meta property=\"og:locale\" content=\"pl_PL\" \/>\n<meta property=\"og:type\" content=\"article\" \/>\n<meta property=\"og:title\" content=\"Strona g\u0142\u00f3wna - Partnerzy Zmiany w Przemy\u015ble\" \/>\n<meta property=\"og:description\" content=\"Artyku\u0142y, raporty i opinie Libertarianizm &#8211; pu\u0142apka czy zbawienie? Czy prawda Ci\u0119 wyzwoli, polski przedsi\u0119biorco? Nie dajmy si\u0119 zwariowa\u0107, czyli socjotechnika czwartej rewolucji przemys\u0142owej Zasada DOPO, czyli dlaczego kochamy partie Kot polski, czyli jak prze\u017cy\u0107 w ciekawych czasach Zmiany w globalizacji szans\u0105 dla polskich MSP Doch\u00f3d Narodowy &#8211; PKB vs PNB. Materia\u0142 do listu otwartego &hellip; Strona g\u0142\u00f3wna Read More &raquo;\" \/>\n<meta property=\"og:url\" content=\"https:\/\/partnerzyzmiany.pl\/pl\/\" \/>\n<meta property=\"og:site_name\" content=\"Partnerzy Zmiany w Przemy\u015ble\" \/>\n<meta property=\"article:modified_time\" content=\"2025-10-24T22:23:32+00:00\" \/>\n<meta name=\"twitter:card\" content=\"summary_large_image\" \/>\n<meta name=\"twitter:label1\" content=\"Szacowany czas czytania\" \/>\n\t<meta name=\"twitter:data1\" content=\"2 minuty\" \/>\n<script type=\"application\/ld+json\" class=\"yoast-schema-graph\">{\"@context\":\"https:\/\/schema.org\",\"@graph\":[{\"@type\":\"WebPage\",\"@id\":\"https:\/\/partnerzyzmiany.pl\/pl\/\",\"url\":\"https:\/\/partnerzyzmiany.pl\/pl\/\",\"name\":\"Strona g\u0142\u00f3wna - Partnerzy Zmiany w Przemy\u015ble\",\"isPartOf\":{\"@id\":\"https:\/\/partnerzyzmiany.pl\/pl\/#website\"},\"datePublished\":\"2021-10-16T21:45:42+00:00\",\"dateModified\":\"2025-10-24T22:23:32+00:00\",\"breadcrumb\":{\"@id\":\"https:\/\/partnerzyzmiany.pl\/pl\/#breadcrumb\"},\"inLanguage\":\"pl-PL\",\"potentialAction\":[{\"@type\":\"ReadAction\",\"target\":[\"https:\/\/partnerzyzmiany.pl\/pl\/\"]}]},{\"@type\":\"BreadcrumbList\",\"@id\":\"https:\/\/partnerzyzmiany.pl\/pl\/#breadcrumb\",\"itemListElement\":[{\"@type\":\"ListItem\",\"position\":1,\"name\":\"Strona g\u0142\u00f3wna\",\"item\":\"https:\/\/partnerzyzmiany.pl\/pl\/\"},{\"@type\":\"ListItem\",\"position\":2,\"name\":\"Strona g\u0142\u00f3wna\"}]},{\"@type\":\"WebSite\",\"@id\":\"https:\/\/partnerzyzmiany.pl\/pl\/#website\",\"url\":\"https:\/\/partnerzyzmiany.pl\/pl\/\",\"name\":\"Partnerzy Zmiany w Przemy\u015ble\",\"description\":\"\",\"publisher\":{\"@id\":\"https:\/\/partnerzyzmiany.pl\/pl\/#organization\"},\"potentialAction\":[{\"@type\":\"SearchAction\",\"target\":{\"@type\":\"EntryPoint\",\"urlTemplate\":\"https:\/\/partnerzyzmiany.pl\/pl\/?s={search_term_string}\"},\"query-input\":\"required name=search_term_string\"}],\"inLanguage\":\"pl-PL\"},{\"@type\":\"Organization\",\"@id\":\"https:\/\/partnerzyzmiany.pl\/pl\/#organization\",\"name\":\"Partnerzy Zmiany w Przemy\u015ble\",\"url\":\"https:\/\/partnerzyzmiany.pl\/pl\/\",\"logo\":{\"@type\":\"ImageObject\",\"inLanguage\":\"pl-PL\",\"@id\":\"https:\/\/partnerzyzmiany.pl\/pl\/#\/schema\/logo\/image\/\",\"url\":\"https:\/\/partnerzyzmiany.pl\/pl\/wp-content\/uploads\/2021\/10\/PZwP-logo.png\",\"contentUrl\":\"https:\/\/partnerzyzmiany.pl\/pl\/wp-content\/uploads\/2021\/10\/PZwP-logo.png\",\"width\":373,\"height\":169,\"caption\":\"Partnerzy Zmiany w Przemy\u015ble\"},\"image\":{\"@id\":\"https:\/\/partnerzyzmiany.pl\/pl\/#\/schema\/logo\/image\/\"}}]}<\/script>\n<!-- \/ Yoast SEO plugin. -->","yoast_head_json":{"title":"Strona g\u0142\u00f3wna - Partnerzy Zmiany w Przemy\u015ble","robots":{"index":"index","follow":"follow","max-snippet":"max-snippet:-1","max-image-preview":"max-image-preview:large","max-video-preview":"max-video-preview:-1"},"canonical":"https:\/\/partnerzyzmiany.pl\/pl\/","og_locale":"pl_PL","og_type":"article","og_title":"Strona g\u0142\u00f3wna - Partnerzy Zmiany w Przemy\u015ble","og_description":"Artyku\u0142y, raporty i opinie Libertarianizm &#8211; pu\u0142apka czy zbawienie? Czy prawda Ci\u0119 wyzwoli, polski przedsi\u0119biorco? Nie dajmy si\u0119 zwariowa\u0107, czyli socjotechnika czwartej rewolucji przemys\u0142owej Zasada DOPO, czyli dlaczego kochamy partie Kot polski, czyli jak prze\u017cy\u0107 w ciekawych czasach Zmiany w globalizacji szans\u0105 dla polskich MSP Doch\u00f3d Narodowy &#8211; PKB vs PNB. Materia\u0142 do listu otwartego &hellip; Strona g\u0142\u00f3wna Read More &raquo;","og_url":"https:\/\/partnerzyzmiany.pl\/pl\/","og_site_name":"Partnerzy Zmiany w Przemy\u015ble","article_modified_time":"2025-10-24T22:23:32+00:00","twitter_card":"summary_large_image","twitter_misc":{"Szacowany czas czytania":"2 minuty"},"schema":{"@context":"https:\/\/schema.org","@graph":[{"@type":"WebPage","@id":"https:\/\/partnerzyzmiany.pl\/pl\/","url":"https:\/\/partnerzyzmiany.pl\/pl\/","name":"Strona g\u0142\u00f3wna - Partnerzy Zmiany w Przemy\u015ble","isPartOf":{"@id":"https:\/\/partnerzyzmiany.pl\/pl\/#website"},"datePublished":"2021-10-16T21:45:42+00:00","dateModified":"2025-10-24T22:23:32+00:00","breadcrumb":{"@id":"https:\/\/partnerzyzmiany.pl\/pl\/#breadcrumb"},"inLanguage":"pl-PL","potentialAction":[{"@type":"ReadAction","target":["https:\/\/partnerzyzmiany.pl\/pl\/"]}]},{"@type":"BreadcrumbList","@id":"https:\/\/partnerzyzmiany.pl\/pl\/#breadcrumb","itemListElement":[{"@type":"ListItem","position":1,"name":"Strona g\u0142\u00f3wna","item":"https:\/\/partnerzyzmiany.pl\/pl\/"},{"@type":"ListItem","position":2,"name":"Strona g\u0142\u00f3wna"}]},{"@type":"WebSite","@id":"https:\/\/partnerzyzmiany.pl\/pl\/#website","url":"https:\/\/partnerzyzmiany.pl\/pl\/","name":"Partnerzy Zmiany w Przemy\u015ble","description":"","publisher":{"@id":"https:\/\/partnerzyzmiany.pl\/pl\/#organization"},"potentialAction":[{"@type":"SearchAction","target":{"@type":"EntryPoint","urlTemplate":"https:\/\/partnerzyzmiany.pl\/pl\/?s={search_term_string}"},"query-input":"required name=search_term_string"}],"inLanguage":"pl-PL"},{"@type":"Organization","@id":"https:\/\/partnerzyzmiany.pl\/pl\/#organization","name":"Partnerzy Zmiany w Przemy\u015ble","url":"https:\/\/partnerzyzmiany.pl\/pl\/","logo":{"@type":"ImageObject","inLanguage":"pl-PL","@id":"https:\/\/partnerzyzmiany.pl\/pl\/#\/schema\/logo\/image\/","url":"https:\/\/partnerzyzmiany.pl\/pl\/wp-content\/uploads\/2021\/10\/PZwP-logo.png","contentUrl":"https:\/\/partnerzyzmiany.pl\/pl\/wp-content\/uploads\/2021\/10\/PZwP-logo.png","width":373,"height":169,"caption":"Partnerzy Zmiany w Przemy\u015ble"},"image":{"@id":"https:\/\/partnerzyzmiany.pl\/pl\/#\/schema\/logo\/image\/"}}]}},"_links":{"self":[{"href":"https:\/\/partnerzyzmiany.pl\/pl\/wp-json\/wp\/v2\/pages\/98","targetHints":{"allow":["GET"]}}],"collection":[{"href":"https:\/\/partnerzyzmiany.pl\/pl\/wp-json\/wp\/v2\/pages"}],"about":[{"href":"https:\/\/partnerzyzmiany.pl\/pl\/wp-json\/wp\/v2\/types\/page"}],"author":[{"embeddable":true,"href":"https:\/\/partnerzyzmiany.pl\/pl\/wp-json\/wp\/v2\/users\/1"}],"replies":[{"embeddable":true,"href":"https:\/\/partnerzyzmiany.pl\/pl\/wp-json\/wp\/v2\/comments?post=98"}],"version-history":[{"count":149,"href":"https:\/\/partnerzyzmiany.pl\/pl\/wp-json\/wp\/v2\/pages\/98\/revisions"}],"predecessor-version":[{"id":419,"href":"https:\/\/partnerzyzmiany.pl\/pl\/wp-json\/wp\/v2\/pages\/98\/revisions\/419"}],"wp:attachment":[{"href":"https:\/\/partnerzyzmiany.pl\/pl\/wp-json\/wp\/v2\/media?parent=98"}],"curies":[{"name":"wp","href":"https:\/\/api.w.org\/{rel}","templated":true}]}}